{"id":238000,"date":"2023-10-05T13:17:35","date_gmt":"2023-10-05T20:17:35","guid":{"rendered":"https:\/\/www.fluevog.com\/?page_id=238000"},"modified":"2025-03-31T12:19:36","modified_gmt":"2025-03-31T19:19:36","slug":"heure-du-the-avec-john-et-ruth-a-boston","status":"publish","type":"page","link":"https:\/\/www.fluevog.com\/fr\/heure-du-the-avec-john-et-ruth-a-boston\/","title":{"rendered":"Heure du Th\u00e9 avec John et Ruth \u00e0 Boston"},"content":{"rendered":"<p>Inscrivez-vous ci-dessous pour nous rejoindre le samedi 28 octobre de 14h30 \u00e0 16h30 \u00e0 <a href=\"https:\/\/www.fluevog.com\/fr\/boutiques\/boston-newbury\/\">Fluevog Boston<\/a> \u2013 226 Newbury Street.<\/p>\n<p>D\u00e9couvrez <a href=\"https:\/\/www.fluevog.com\/fr\/?p=237665\">tous les d\u00e9tails sur cet \u00e9v\u00e9nement<\/a>.<\/p>\n<hr \/>\n<noscript class=\"ninja-forms-noscript-message\">\n\tRemarque \u2013 JavaScript est requis pour ce contenu.<\/noscript>\nAucun champ trouv\u00e9.<div id=\"nf-form-483-cont\" class=\"nf-form-cont\" aria-live=\"polite\" aria-labelledby=\"nf-form-title-483\" aria-describedby=\"nf-form-errors-483\" role=\"form\">\n\n    <div class=\"nf-loading-spinner\"><\/div>\n\n<\/div>\n        <!-- That data is being printed as a workaround to page builders reordering the order of the scripts loaded-->\n        <script>var formDisplay=1;var nfForms=nfForms||[];var form=[];form.id='483';form.settings={\"ninjaForms\":\"Ninja Forms\",\"changeEmailErrorMsg\":\"Entrez une adresse email valide\\u00a0!\",\"changeDateErrorMsg\":\"Please enter a valid date!\",\"confirmFieldErrorMsg\":\"Ces champs doivent correspondre\\u00a0!\",\"fieldNumberNumMinError\":\"Erreur min num\\u00e9ro\",\"fieldNumberNumMaxError\":\"Erreur max num\\u00e9ro\",\"fieldNumberIncrementBy\":\"Incr\\u00e9menter par \",\"fieldTextareaRTEInsertLink\":\"Ins\\u00e9rer le lien\",\"fieldTextareaRTEInsertMedia\":\"Ins\\u00e9rer le m\\u00e9dia\",\"fieldTextareaRTESelectAFile\":\"S\\u00e9lectionner un fichier\",\"tableInsertRowAbove\":\"Insert Row Above\",\"tableInsertRowBelow\":\"Insert Row Below\",\"tableInsertColumnLeft\":\"Insert Column Left\",\"tableInsertColumnRight\":\"Insert Column Right\",\"tableDeleteRow\":\"Delete Row\",\"tableDeleteColumn\":\"Delete Column\",\"tableDeleteTable\":\"Delete Table\",\"tableLegacyNotice\":\"This content has tables in the old editor format. Custom styles are preserved until converted. Editing will update to the new format.\",\"tableLegacyConvert\":\"Convert Now\",\"tableInsertTable\":\"Insert Table\",\"dismiss\":\"Rejeter\",\"insertLink\":\"Ins\\u00e9rer le lien\",\"formErrorsCorrectErrors\":\"Corrigez les erreurs avant de soumettre ce formulaire.\",\"formHoneypot\":\"Si vous \\u00eates un \\u00eatre humain visualisant ce champ, merci de le laisser vide.\",\"validateRequiredField\":\"Ce champs est requis.\",\"honeypotHoneypotError\":\"Erreur Honeypot\",\"fileUploadOldCodeFileUploadInProgress\":\"Upload du fichier en cours\",\"fileUploadOldCodeFileUpload\":\"UPLOAD FICHIER\",\"currencySymbol\":\"&#36;\",\"fieldsMarkedRequired\":\"Les champs marqu\\u00e9s d\\u2019un ast\\u00e9risque <span class=\\\"ninja-forms-req-symbol\\\">*<\\\/span> sont obligatoires.\",\"thousands_sep\":\",\",\"decimal_point\":\".\",\"siteLocale\":\"fr_FR\",\"dateFormat\":\"m\\\/d\\\/Y\",\"startOfWeek\":\"1\",\"of\":\"de\",\"previousMonth\":\"Previous Month\",\"nextMonth\":\"Next Month\",\"months\":[\"January\",\"February\",\"March\",\"April\",\"May\",\"June\",\"July\",\"August\",\"September\",\"October\",\"November\",\"December\"],\"monthsShort\":[\"Jan\",\"Feb\",\"Mar\",\"Apr\",\"May\",\"Jun\",\"Jul\",\"Aug\",\"Sep\",\"Oct\",\"Nov\",\"Dec\"],\"weekdays\":[\"Sunday\",\"Monday\",\"Tuesday\",\"Wednesday\",\"Thursday\",\"Friday\",\"Saturday\"],\"weekdaysShort\":[\"Sun\",\"Mon\",\"Tue\",\"Wed\",\"Thu\",\"Fri\",\"Sat\"],\"weekdaysMin\":[\"Su\",\"Mo\",\"Tu\",\"We\",\"Th\",\"Fr\",\"Sa\"],\"recaptchaConsentMissing\":\"reCaptcha validation couldn&#039;t load.\",\"recaptchaMissingCookie\":\"reCaptcha v3 validation couldn&#039;t load the cookie needed to submit the form.\",\"recaptchaConsentEvent\":\"Accept reCaptcha cookies before sending the form.\",\"embed_form\":\"\",\"currency_symbol\":\"\",\"title\":\"\",\"beforeForm\":\"\",\"beforeFields\":\"\",\"afterFields\":\"\",\"afterForm\":\"\"};form.fields=[];nfForms.push(form);<\/script>\n        \n","protected":false},"excerpt":{"rendered":"<p>Inscrivez-vous ci-dessous pour nous rejoindre le samedi 28 octobre de 14h30 \u00e0 16h30 \u00e0 Fluevog Boston \u2013 226 Newbury Street. D\u00e9couvrez tous les d\u00e9tails sur cet \u00e9v\u00e9nement.<\/p>\n","protected":false},"author":11,"featured_media":0,"parent":0,"menu_order":116,"comment_status":"closed","ping_status":"closed","template":"","meta":{"_acf_changed":false,"footnotes":""},"class_list":["post-238000","page","type-page","status-publish","hentry"],"acf":[],"yoast_head":"<!-- This site is optimized with the Yoast SEO plugin v27.5 - https:\/\/yoast.com\/product\/yoast-seo-wordpress\/ -->\n<title>Fluevog Shoes - Heure du Th\u00e9 avec John et Ruth \u00e0 Boston<\/title>\n<meta name=\"robots\" content=\"index, follow, max-snippet:-1, max-image-preview:large, max-video-preview:-1\" \/>\n<link rel=\"canonical\" href=\"https:\/\/www.fluevog.com\/fr\/heure-du-the-avec-john-et-ruth-a-boston\/\" \/>\n<meta property=\"og:locale\" content=\"fr_FR\" \/>\n<meta property=\"og:type\" content=\"article\" \/>\n<meta property=\"og:title\" content=\"Fluevog Shoes - Heure du Th\u00e9 avec John et Ruth \u00e0 Boston\" \/>\n<meta property=\"og:description\" content=\"Inscrivez-vous ci-dessous pour nous rejoindre le samedi 28 octobre de 14h30 \u00e0 16h30 \u00e0 Fluevog Boston \u2013 226 Newbury Street. D\u00e9couvrez tous les d\u00e9tails sur cet \u00e9v\u00e9nement.\" \/>\n<meta property=\"og:url\" content=\"https:\/\/www.fluevog.com\/fr\/heure-du-the-avec-john-et-ruth-a-boston\/\" \/>\n<meta property=\"og:site_name\" content=\"Fluevog Shoes\" \/>\n<meta property=\"article:modified_time\" content=\"2025-03-31T19:19:36+00:00\" \/>\n<meta name=\"twitter:label1\" content=\"Est. reading time\" \/>\n\t<meta name=\"twitter:data1\" content=\"1 minute\" \/>\n<script type=\"application\/ld+json\" class=\"yoast-schema-graph\">{\"@context\":\"https:\\\/\\\/schema.org\",\"@graph\":[{\"@type\":\"WebPage\",\"@id\":\"https:\\\/\\\/www.fluevog.com\\\/fr\\\/heure-du-the-avec-john-et-ruth-a-boston\\\/\",\"url\":\"https:\\\/\\\/www.fluevog.com\\\/fr\\\/heure-du-the-avec-john-et-ruth-a-boston\\\/\",\"name\":\"Fluevog Shoes - Heure du Th\u00e9 avec John et Ruth \u00e0 Boston\",\"isPartOf\":{\"@id\":\"https:\\\/\\\/new.fluevog.com\\\/fr\\\/#website\"},\"datePublished\":\"2023-10-05T20:17:35+00:00\",\"dateModified\":\"2025-03-31T19:19:36+00:00\",\"inLanguage\":\"fr-FR\",\"potentialAction\":[{\"@type\":\"ReadAction\",\"target\":[\"https:\\\/\\\/www.fluevog.com\\\/fr\\\/heure-du-the-avec-john-et-ruth-a-boston\\\/\"]}]},{\"@type\":\"WebSite\",\"@id\":\"https:\\\/\\\/new.fluevog.com\\\/fr\\\/#website\",\"url\":\"https:\\\/\\\/new.fluevog.com\\\/fr\\\/\",\"name\":\"Fluevog Shoes\",\"description\":\"Des Chaussures Uniques pour des Personnes Uniques\",\"potentialAction\":[{\"@type\":\"SearchAction\",\"target\":{\"@type\":\"EntryPoint\",\"urlTemplate\":\"https:\\\/\\\/new.fluevog.com\\\/fr\\\/?s={search_term_string}\"},\"query-input\":{\"@type\":\"PropertyValueSpecification\",\"valueRequired\":true,\"valueName\":\"search_term_string\"}}],\"inLanguage\":\"fr-FR\"}]}<\/script>\n<!-- \/ Yoast SEO plugin. -->","yoast_head_json":{"title":"Fluevog Shoes - Heure du Th\u00e9 avec John et Ruth \u00e0 Boston","robots":{"index":"index","follow":"follow","max-snippet":"max-snippet:-1","max-image-preview":"max-image-preview:large","max-video-preview":"max-video-preview:-1"},"canonical":"https:\/\/www.fluevog.com\/fr\/heure-du-the-avec-john-et-ruth-a-boston\/","og_locale":"fr_FR","og_type":"article","og_title":"Fluevog Shoes - Heure du Th\u00e9 avec John et Ruth \u00e0 Boston","og_description":"Inscrivez-vous ci-dessous pour nous rejoindre le samedi 28 octobre de 14h30 \u00e0 16h30 \u00e0 Fluevog Boston \u2013 226 Newbury Street. D\u00e9couvrez tous les d\u00e9tails sur cet \u00e9v\u00e9nement.","og_url":"https:\/\/www.fluevog.com\/fr\/heure-du-the-avec-john-et-ruth-a-boston\/","og_site_name":"Fluevog Shoes","article_modified_time":"2025-03-31T19:19:36+00:00","twitter_misc":{"Est. reading time":"1 minute"},"schema":{"@context":"https:\/\/schema.org","@graph":[{"@type":"WebPage","@id":"https:\/\/www.fluevog.com\/fr\/heure-du-the-avec-john-et-ruth-a-boston\/","url":"https:\/\/www.fluevog.com\/fr\/heure-du-the-avec-john-et-ruth-a-boston\/","name":"Fluevog Shoes - Heure du Th\u00e9 avec John et Ruth \u00e0 Boston","isPartOf":{"@id":"https:\/\/new.fluevog.com\/fr\/#website"},"datePublished":"2023-10-05T20:17:35+00:00","dateModified":"2025-03-31T19:19:36+00:00","inLanguage":"fr-FR","potentialAction":[{"@type":"ReadAction","target":["https:\/\/www.fluevog.com\/fr\/heure-du-the-avec-john-et-ruth-a-boston\/"]}]},{"@type":"WebSite","@id":"https:\/\/new.fluevog.com\/fr\/#website","url":"https:\/\/new.fluevog.com\/fr\/","name":"Fluevog Shoes","description":"Des Chaussures Uniques pour des Personnes Uniques","potentialAction":[{"@type":"SearchAction","target":{"@type":"EntryPoint","urlTemplate":"https:\/\/new.fluevog.com\/fr\/?s={search_term_string}"},"query-input":{"@type":"PropertyValueSpecification","valueRequired":true,"valueName":"search_term_string"}}],"inLanguage":"fr-FR"}]}},"_links":{"self":[{"href":"https:\/\/www.fluevog.com\/fr\/wp-json\/wp\/v2\/pages\/238000","targetHints":{"allow":["GET"]}}],"collection":[{"href":"https:\/\/www.fluevog.com\/fr\/wp-json\/wp\/v2\/pages"}],"about":[{"href":"https:\/\/www.fluevog.com\/fr\/wp-json\/wp\/v2\/types\/page"}],"author":[{"embeddable":true,"href":"https:\/\/www.fluevog.com\/fr\/wp-json\/wp\/v2\/users\/11"}],"replies":[{"embeddable":true,"href":"https:\/\/www.fluevog.com\/fr\/wp-json\/wp\/v2\/comments?post=238000"}],"version-history":[{"count":2,"href":"https:\/\/www.fluevog.com\/fr\/wp-json\/wp\/v2\/pages\/238000\/revisions"}],"predecessor-version":[{"id":238004,"href":"https:\/\/www.fluevog.com\/fr\/wp-json\/wp\/v2\/pages\/238000\/revisions\/238004"}],"wp:attachment":[{"href":"https:\/\/www.fluevog.com\/fr\/wp-json\/wp\/v2\/media?parent=238000"}],"curies":[{"name":"wp","href":"https:\/\/api.w.org\/{rel}","templated":true}]}}